{"id":1406,"date":"2025-11-07T06:45:50","date_gmt":"2025-11-07T06:45:50","guid":{"rendered":"https:\/\/izmirkvm.com.tr\/about-us\/"},"modified":"2025-12-04T20:13:25","modified_gmt":"2025-12-04T20:13:25","slug":"about-us","status":"publish","type":"page","link":"https:\/\/izmirkvm.com.tr\/en\/about-us\/","title":{"rendered":"ABOUT US"},"content":{"rendered":"\t\t<div data-elementor-type=\"wp-page\" data-elementor-id=\"1406\" class=\"elementor elementor-1406 elementor-36\" data-elementor-post-type=\"page\">\n\t\t\t\t<div class=\"elementor-element elementor-element-b2b8b78 e-flex e-con-boxed e-con e-parent\" data-id=\"b2b8b78\" data-element_type=\"container\" data-e-type=\"container\" data-settings=\"{&quot;background_background&quot;:&quot;slideshow&quot;,&quot;background_slideshow_gallery&quot;:[{&quot;id&quot;:1395,&quot;url&quot;:&quot;https:\\\/\\\/izmirkvm.com.tr\\\/wp-content\\\/uploads\\\/2025\\\/12\\\/slider_eng.jpg&quot;}],&quot;background_slideshow_loop&quot;:&quot;yes&quot;,&quot;background_slideshow_slide_duration&quot;:5000,&quot;background_slideshow_slide_transition&quot;:&quot;fade&quot;,&quot;background_slideshow_transition_duration&quot;:500}\">\n\t\t\t\t\t<div class=\"e-con-inner\">\n\t\t\t\t\t<\/div>\n\t\t\t\t<\/div>\n\t\t<div class=\"elementor-element elementor-element-82b4052 e-flex e-con-boxed e-con e-parent\" data-id=\"82b4052\" data-element_type=\"container\" data-e-type=\"container\" data-settings=\"{&quot;background_background&quot;:&quot;slideshow&quot;,&quot;background_slideshow_gallery&quot;:[{&quot;id&quot;:1380,&quot;url&quot;:&quot;https:\\\/\\\/izmirkvm.com.tr\\\/wp-content\\\/uploads\\\/2025\\\/11\\\/bg_1.jpg&quot;}],&quot;background_slideshow_loop&quot;:&quot;yes&quot;,&quot;background_slideshow_slide_duration&quot;:5000,&quot;background_slideshow_slide_transition&quot;:&quot;fade&quot;,&quot;background_slideshow_transition_duration&quot;:500}\">\n\t\t\t\t\t<div class=\"e-con-inner\">\n\t\t\t\t<div class=\"elementor-element elementor-element-709fd00 elementor-widget elementor-widget-heading\" data-id=\"709fd00\" data-element_type=\"widget\" data-e-type=\"widget\" data-widget_type=\"heading.default\">\n\t\t\t\t\t<h2 class=\"elementor-heading-title elementor-size-default\">About \u0130zmir Resource Efficiency Center<\/h2>\t\t\t\t<\/div>\n\t\t\t\t<div class=\"elementor-element elementor-element-8583bce elementor-widget-divider--view-line elementor-widget elementor-widget-divider\" data-id=\"8583bce\" data-element_type=\"widget\" data-e-type=\"widget\" data-widget_type=\"divider.default\">\n\t\t\t\t\t\t\t<div class=\"elementor-divider\">\n\t\t\t<span class=\"elementor-divider-separator\">\n\t\t\t\t\t\t<\/span>\n\t\t<\/div>\n\t\t\t\t\t\t<\/div>\n\t\t\t\t<div class=\"elementor-element elementor-element-e8f34a3 elementor-widget elementor-widget-text-editor\" data-id=\"e8f34a3\" data-element_type=\"widget\" data-e-type=\"widget\" data-widget_type=\"text-editor.default\">\n\t\t\t\t\t\t\t\t\t<p>News and Announcements The Center analyzes the needs of enterprises and provides tailored consultancy, training, and guidance services to address their challenges. Within this scope, it aims to promote sustainable production practices, enhance energy and resource efficiency, and facilitate the integration of digital technologies into production processes.<\/p><p><a style=\"color: #667d52;\" href=\"https:\/\/www.youtube.com\/watch?v=yi0bKx_ctQQ\" target=\"_blank\" rel=\"noopener\"><strong>Click<\/strong> <\/a>to watch the \u0130KVM introduction video.<\/p>\t\t\t\t\t\t\t\t<\/div>\n\t\t\t\t\t<\/div>\n\t\t\t\t<\/div>\n\t\t<div class=\"elementor-element elementor-element-4eec685 e-flex e-con-boxed e-con e-parent\" data-id=\"4eec685\" data-element_type=\"container\" data-e-type=\"container\" data-settings=\"{&quot;background_background&quot;:&quot;slideshow&quot;,&quot;background_slideshow_gallery&quot;:[],&quot;background_slideshow_loop&quot;:&quot;yes&quot;,&quot;background_slideshow_slide_duration&quot;:5000,&quot;background_slideshow_slide_transition&quot;:&quot;fade&quot;,&quot;background_slideshow_transition_duration&quot;:500}\">\n\t\t\t\t\t<div class=\"e-con-inner\">\n\t\t<div class=\"elementor-element elementor-element-107e192 e-con-full e-flex e-con e-child\" data-id=\"107e192\" data-element_type=\"container\" data-e-type=\"container\">\n\t\t<div class=\"elementor-element elementor-element-4226dce e-con-full e-flex e-con e-child\" data-id=\"4226dce\" data-element_type=\"container\" data-e-type=\"container\" data-settings=\"{&quot;background_background&quot;:&quot;classic&quot;}\">\n\t\t\t\t<div class=\"elementor-element elementor-element-e7846b6 elementor-widget elementor-widget-image\" data-id=\"e7846b6\" data-element_type=\"widget\" data-e-type=\"widget\" data-widget_type=\"image.default\">\n\t\t\t\t\t\t\t\t\t\t\t\t\t\t\t<img decoding=\"async\" width=\"87\" height=\"74\" src=\"https:\/\/izmirkvm.com.tr\/wp-content\/uploads\/2025\/11\/icon_2-1.png\" class=\"attachment-large size-large wp-image-1315\" alt=\"\" \/>\t\t\t\t\t\t\t\t\t\t\t\t\t\t\t<\/div>\n\t\t\t\t<div class=\"elementor-element elementor-element-b45c7b2 elementor-widget elementor-widget-heading\" data-id=\"b45c7b2\" data-element_type=\"widget\" data-e-type=\"widget\" data-widget_type=\"heading.default\">\n\t\t\t\t\t<h2 class=\"elementor-heading-title elementor-size-default\">Vision<\/h2>\t\t\t\t<\/div>\n\t\t\t\t<div class=\"elementor-element elementor-element-2450b51 elementor-widget elementor-widget-text-editor\" data-id=\"2450b51\" data-element_type=\"widget\" data-e-type=\"widget\" data-widget_type=\"text-editor.default\">\n\t\t\t\t\t\t\t\t\t<p>To become one of T\u00fcrkiye\u2019s leading implementation and consultancy centers in resource efficiency, clean energy, carbon management, and digital transformation.<\/p>\t\t\t\t\t\t\t\t<\/div>\n\t\t\t\t<\/div>\n\t\t<div class=\"elementor-element elementor-element-68d253e e-con-full e-flex e-con e-child\" data-id=\"68d253e\" data-element_type=\"container\" data-e-type=\"container\" data-settings=\"{&quot;background_background&quot;:&quot;classic&quot;}\">\n\t\t\t\t<div class=\"elementor-element elementor-element-6dc9f28 elementor-widget elementor-widget-image\" data-id=\"6dc9f28\" data-element_type=\"widget\" data-e-type=\"widget\" data-widget_type=\"image.default\">\n\t\t\t\t\t\t\t\t\t\t\t\t\t\t\t<img decoding=\"async\" width=\"83\" height=\"82\" src=\"https:\/\/izmirkvm.com.tr\/wp-content\/uploads\/2025\/11\/icon_1-1.png\" class=\"attachment-large size-large wp-image-1314\" alt=\"\" \/>\t\t\t\t\t\t\t\t\t\t\t\t\t\t\t<\/div>\n\t\t\t\t<div class=\"elementor-element elementor-element-57b626a elementor-widget elementor-widget-heading\" data-id=\"57b626a\" data-element_type=\"widget\" data-e-type=\"widget\" data-widget_type=\"heading.default\">\n\t\t\t\t\t<h2 class=\"elementor-heading-title elementor-size-default\">Mission<\/h2>\t\t\t\t<\/div>\n\t\t\t\t<div class=\"elementor-element elementor-element-78de608 elementor-widget elementor-widget-text-editor\" data-id=\"78de608\" data-element_type=\"widget\" data-e-type=\"widget\" data-widget_type=\"text-editor.default\">\n\t\t\t\t\t\t\t\t\t<p>To develop the technical, strategic, and financial solutions that enterprises need in their green and digital transformation processes, and to lead practices that enhance resource efficiency, reduce environmental impacts, and support sustainable production.<\/p>\t\t\t\t\t\t\t\t<\/div>\n\t\t\t\t<\/div>\n\t\t\t\t<\/div>\n\t\t\t\t\t<\/div>\n\t\t\t\t<\/div>\n\t\t<div class=\"elementor-element elementor-element-eda25ba e-flex e-con-boxed e-con e-parent\" data-id=\"eda25ba\" data-element_type=\"container\" data-e-type=\"container\" data-settings=\"{&quot;background_background&quot;:&quot;classic&quot;}\">\n\t\t\t\t\t<div class=\"e-con-inner\">\n\t\t\t\t<div class=\"elementor-element elementor-element-62c0173 elementor-widget elementor-widget-heading\" data-id=\"62c0173\" data-element_type=\"widget\" data-e-type=\"widget\" data-widget_type=\"heading.default\">\n\t\t\t\t\t<h2 class=\"elementor-heading-title elementor-size-default\">Our Team<\/h2>\t\t\t\t<\/div>\n\t\t\t\t<div class=\"elementor-element elementor-element-36b2eb7 elementor-widget-divider--view-line elementor-widget elementor-widget-divider\" data-id=\"36b2eb7\" data-element_type=\"widget\" data-e-type=\"widget\" data-widget_type=\"divider.default\">\n\t\t\t\t\t\t\t<div class=\"elementor-divider\">\n\t\t\t<span class=\"elementor-divider-separator\">\n\t\t\t\t\t\t<\/span>\n\t\t<\/div>\n\t\t\t\t\t\t<\/div>\n\t\t\t\t\t<\/div>\n\t\t\t\t<\/div>\n\t\t<div class=\"elementor-element elementor-element-a733f3d e-con-full e-flex e-con e-parent\" data-id=\"a733f3d\" data-element_type=\"container\" data-e-type=\"container\">\n\t\t<div class=\"elementor-element elementor-element-abefc22 e-con-full e-flex e-con e-child\" data-id=\"abefc22\" data-element_type=\"container\" data-e-type=\"container\">\n\t\t\t\t<div class=\"elementor-element elementor-element-76d1900 elementor-widget-divider--view-line_text elementor-widget-divider--element-align-center elementor-widget elementor-widget-divider\" data-id=\"76d1900\" data-element_type=\"widget\" data-e-type=\"widget\" data-widget_type=\"divider.default\">\n\t\t\t\t\t\t\t<div class=\"elementor-divider\">\n\t\t\t<span class=\"elementor-divider-separator\">\n\t\t\t\t\t\t\t<span class=\"elementor-divider__text elementor-divider__element\">\n\t\t\t\t<center>Izmir Development Agency<br>Green Growth Team<\/center>\t\t\t\t<\/span>\n\t\t\t\t\t\t<\/span>\n\t\t<\/div>\n\t\t\t\t\t\t<\/div>\n\t\t<div class=\"elementor-element elementor-element-1a0b363 e-con-full e-flex e-con e-child\" data-id=\"1a0b363\" data-element_type=\"container\" data-e-type=\"container\">\n\t\t<div class=\"elementor-element elementor-element-5e33735 e-con-full e-flex e-con e-child\" data-id=\"5e33735\" data-element_type=\"container\" data-e-type=\"container\">\n\t\t\t\t<div class=\"elementor-element elementor-element-aa2fdb5 elementor-widget elementor-widget-image\" data-id=\"aa2fdb5\" data-element_type=\"widget\" data-e-type=\"widget\" data-widget_type=\"image.default\">\n\t\t\t\t\t\t\t\t\t\t\t\t\t\t\t<img fetchpriority=\"high\" decoding=\"async\" width=\"400\" height=\"500\" src=\"https:\/\/izmirkvm.com.tr\/wp-content\/uploads\/2025\/11\/EMINE-BILGEN-EYMIRLI.png\" class=\"attachment-large size-large wp-image-1383\" alt=\"\" srcset=\"https:\/\/izmirkvm.com.tr\/wp-content\/uploads\/2025\/11\/EMINE-BILGEN-EYMIRLI.png 400w, https:\/\/izmirkvm.com.tr\/wp-content\/uploads\/2025\/11\/EMINE-BILGEN-EYMIRLI-240x300.png 240w\" sizes=\"(max-width: 400px) 100vw, 400px\" \/>\t\t\t\t\t\t\t\t\t\t\t\t\t\t\t<\/div>\n\t\t\t\t<div class=\"elementor-element elementor-element-cdd3159 elementor-widget elementor-widget-text-editor\" data-id=\"cdd3159\" data-element_type=\"widget\" data-e-type=\"widget\" data-widget_type=\"text-editor.default\">\n\t\t\t\t\t\t\t\t\t<p><strong>Emine Bilgen EYM\u0130RL\u0130<br \/><\/strong>Izmir Development Agency<br \/>Green Growth Policies<br \/>Unit Head<\/p>\t\t\t\t\t\t\t\t<\/div>\n\t\t\t\t<\/div>\n\t\t<div class=\"elementor-element elementor-element-2753a2f e-con-full e-flex e-con e-child\" data-id=\"2753a2f\" data-element_type=\"container\" data-e-type=\"container\">\n\t\t\t\t<div class=\"elementor-element elementor-element-ac7dd96 elementor-widget elementor-widget-image\" data-id=\"ac7dd96\" data-element_type=\"widget\" data-e-type=\"widget\" data-widget_type=\"image.default\">\n\t\t\t\t\t\t\t\t\t\t\t\t\t\t\t<img loading=\"lazy\" decoding=\"async\" width=\"400\" height=\"500\" src=\"https:\/\/izmirkvm.com.tr\/wp-content\/uploads\/2025\/11\/Gokhan_Elustun.png\" class=\"attachment-large size-large wp-image-1384\" alt=\"\" srcset=\"https:\/\/izmirkvm.com.tr\/wp-content\/uploads\/2025\/11\/Gokhan_Elustun.png 400w, https:\/\/izmirkvm.com.tr\/wp-content\/uploads\/2025\/11\/Gokhan_Elustun-240x300.png 240w\" sizes=\"(max-width: 400px) 100vw, 400px\" \/>\t\t\t\t\t\t\t\t\t\t\t\t\t\t\t<\/div>\n\t\t\t\t<div class=\"elementor-element elementor-element-d45d00b elementor-widget elementor-widget-text-editor\" data-id=\"d45d00b\" data-element_type=\"widget\" data-e-type=\"widget\" data-widget_type=\"text-editor.default\">\n\t\t\t\t\t\t\t\t\t<p><strong>H. G\u00f6khan EL\u00dcST\u00dcN<\/strong><br \/>Izmir Development Agency<br \/>Green Growth Policies<br \/>Unit Specialist<\/p>\t\t\t\t\t\t\t\t<\/div>\n\t\t\t\t<\/div>\n\t\t<div class=\"elementor-element elementor-element-8a84fc6 e-con-full e-flex e-con e-child\" data-id=\"8a84fc6\" data-element_type=\"container\" data-e-type=\"container\">\n\t\t\t\t<div class=\"elementor-element elementor-element-6814898 elementor-widget elementor-widget-image\" data-id=\"6814898\" data-element_type=\"widget\" data-e-type=\"widget\" data-widget_type=\"image.default\">\n\t\t\t\t\t\t\t\t\t\t\t\t\t\t\t<img loading=\"lazy\" decoding=\"async\" width=\"400\" height=\"500\" src=\"https:\/\/izmirkvm.com.tr\/wp-content\/uploads\/2025\/11\/Irem_Aysalar.png\" class=\"attachment-large size-large wp-image-1385\" alt=\"\" srcset=\"https:\/\/izmirkvm.com.tr\/wp-content\/uploads\/2025\/11\/Irem_Aysalar.png 400w, https:\/\/izmirkvm.com.tr\/wp-content\/uploads\/2025\/11\/Irem_Aysalar-240x300.png 240w\" sizes=\"(max-width: 400px) 100vw, 400px\" \/>\t\t\t\t\t\t\t\t\t\t\t\t\t\t\t<\/div>\n\t\t\t\t<div class=\"elementor-element elementor-element-4af0ff5 elementor-widget elementor-widget-text-editor\" data-id=\"4af0ff5\" data-element_type=\"widget\" data-e-type=\"widget\" data-widget_type=\"text-editor.default\">\n\t\t\t\t\t\t\t\t\t<p><strong>\u0130rem AYSALAR<\/strong><br \/>Izmir Development Agency<br \/>Green Growth Policies<br \/>Unit Specialist<\/p>\t\t\t\t\t\t\t\t<\/div>\n\t\t\t\t<\/div>\n\t\t\t\t<\/div>\n\t\t<div class=\"elementor-element elementor-element-05101fb e-con-full e-flex e-con e-child\" data-id=\"05101fb\" data-element_type=\"container\" data-e-type=\"container\">\n\t\t<div class=\"elementor-element elementor-element-bb8e543 e-con-full e-flex e-con e-child\" data-id=\"bb8e543\" data-element_type=\"container\" data-e-type=\"container\">\n\t\t\t\t<div class=\"elementor-element elementor-element-419c8ff elementor-widget elementor-widget-image\" data-id=\"419c8ff\" data-element_type=\"widget\" data-e-type=\"widget\" data-widget_type=\"image.default\">\n\t\t\t\t\t\t\t\t\t\t\t\t\t\t\t<img loading=\"lazy\" decoding=\"async\" width=\"400\" height=\"500\" src=\"https:\/\/izmirkvm.com.tr\/wp-content\/uploads\/2025\/11\/Sinem_Ozdemir_Durmuslar.png\" class=\"attachment-large size-large wp-image-1387\" alt=\"\" srcset=\"https:\/\/izmirkvm.com.tr\/wp-content\/uploads\/2025\/11\/Sinem_Ozdemir_Durmuslar.png 400w, https:\/\/izmirkvm.com.tr\/wp-content\/uploads\/2025\/11\/Sinem_Ozdemir_Durmuslar-240x300.png 240w\" sizes=\"(max-width: 400px) 100vw, 400px\" \/>\t\t\t\t\t\t\t\t\t\t\t\t\t\t\t<\/div>\n\t\t\t\t<div class=\"elementor-element elementor-element-3939e58 elementor-widget elementor-widget-text-editor\" data-id=\"3939e58\" data-element_type=\"widget\" data-e-type=\"widget\" data-widget_type=\"text-editor.default\">\n\t\t\t\t\t\t\t\t\t<p><strong>Sinem \u00d6ZDEM\u0130R DURMU\u015eLAR<\/strong><br \/>\u0130zmir Development Agency<br \/>Green Growth Policies<br \/>Unit Specialist<\/p>\t\t\t\t\t\t\t\t<\/div>\n\t\t\t\t<\/div>\n\t\t<div class=\"elementor-element elementor-element-8067bbf e-con-full e-flex e-con e-child\" data-id=\"8067bbf\" data-element_type=\"container\" data-e-type=\"container\">\n\t\t\t\t<div class=\"elementor-element elementor-element-273aa53 elementor-widget elementor-widget-image\" data-id=\"273aa53\" data-element_type=\"widget\" data-e-type=\"widget\" data-widget_type=\"image.default\">\n\t\t\t\t\t\t\t\t\t\t\t\t\t\t\t<img loading=\"lazy\" decoding=\"async\" width=\"400\" height=\"500\" src=\"https:\/\/izmirkvm.com.tr\/wp-content\/uploads\/2025\/11\/Tuba_Tol.png\" class=\"attachment-large size-large wp-image-1388\" alt=\"\" srcset=\"https:\/\/izmirkvm.com.tr\/wp-content\/uploads\/2025\/11\/Tuba_Tol.png 400w, https:\/\/izmirkvm.com.tr\/wp-content\/uploads\/2025\/11\/Tuba_Tol-240x300.png 240w\" sizes=\"(max-width: 400px) 100vw, 400px\" \/>\t\t\t\t\t\t\t\t\t\t\t\t\t\t\t<\/div>\n\t\t\t\t<div class=\"elementor-element elementor-element-0d8a495 elementor-widget elementor-widget-text-editor\" data-id=\"0d8a495\" data-element_type=\"widget\" data-e-type=\"widget\" data-widget_type=\"text-editor.default\">\n\t\t\t\t\t\t\t\t\t<p><strong>Tuba TOL<\/strong><br \/>Izmir Development Agency<br \/>Green Growth Policies<br \/>Unit Specialist<\/p>\t\t\t\t\t\t\t\t<\/div>\n\t\t\t\t<\/div>\n\t\t\t\t<\/div>\n\t\t\t\t<\/div>\n\t\t<div class=\"elementor-element elementor-element-774354c e-con-full e-flex e-con e-child\" data-id=\"774354c\" data-element_type=\"container\" data-e-type=\"container\">\n\t\t\t\t<div class=\"elementor-element elementor-element-bf6a61c elementor-widget-divider--view-line_text elementor-widget-divider--element-align-center elementor-widget elementor-widget-divider\" data-id=\"bf6a61c\" data-element_type=\"widget\" data-e-type=\"widget\" data-widget_type=\"divider.default\">\n\t\t\t\t\t\t\t<div class=\"elementor-divider\">\n\t\t\t<span class=\"elementor-divider-separator\">\n\t\t\t\t\t\t\t<span class=\"elementor-divider__text elementor-divider__element\">\n\t\t\t\t<center>Izmir Resource Efficiency <br>Center Team<\/center>\t\t\t\t<\/span>\n\t\t\t\t\t\t<\/span>\n\t\t<\/div>\n\t\t\t\t\t\t<\/div>\n\t\t<div class=\"elementor-element elementor-element-637a995 e-con-full e-flex e-con e-child\" data-id=\"637a995\" data-element_type=\"container\" data-e-type=\"container\">\n\t\t<div class=\"elementor-element elementor-element-e2610c7 e-con-full e-flex e-con e-child\" data-id=\"e2610c7\" data-element_type=\"container\" data-e-type=\"container\">\n\t\t\t\t<div class=\"elementor-element elementor-element-242e814 elementor-widget elementor-widget-image\" data-id=\"242e814\" data-element_type=\"widget\" data-e-type=\"widget\" data-widget_type=\"image.default\">\n\t\t\t\t\t\t\t\t\t\t\t\t\t\t\t<img loading=\"lazy\" decoding=\"async\" width=\"400\" height=\"500\" src=\"https:\/\/izmirkvm.com.tr\/wp-content\/uploads\/2025\/11\/Tugba_Caglayan.png\" class=\"attachment-large size-large wp-image-1389\" alt=\"\" srcset=\"https:\/\/izmirkvm.com.tr\/wp-content\/uploads\/2025\/11\/Tugba_Caglayan.png 400w, https:\/\/izmirkvm.com.tr\/wp-content\/uploads\/2025\/11\/Tugba_Caglayan-240x300.png 240w\" sizes=\"(max-width: 400px) 100vw, 400px\" \/>\t\t\t\t\t\t\t\t\t\t\t\t\t\t\t<\/div>\n\t\t\t\t<div class=\"elementor-element elementor-element-c1e9f60 elementor-widget elementor-widget-text-editor\" data-id=\"c1e9f60\" data-element_type=\"widget\" data-e-type=\"widget\" data-widget_type=\"text-editor.default\">\n\t\t\t\t\t\t\t\t\t<p><strong>Tu\u011fba \u00c7A\u011eLAYAN<\/strong><br \/>Center Director<\/p>\t\t\t\t\t\t\t\t<\/div>\n\t\t\t\t<\/div>\n\t\t<div class=\"elementor-element elementor-element-f4abd22 e-con-full e-flex e-con e-child\" data-id=\"f4abd22\" data-element_type=\"container\" data-e-type=\"container\">\n\t\t\t\t<div class=\"elementor-element elementor-element-aa26a73 elementor-widget elementor-widget-image\" data-id=\"aa26a73\" data-element_type=\"widget\" data-e-type=\"widget\" data-widget_type=\"image.default\">\n\t\t\t\t\t\t\t\t\t\t\t\t\t\t\t<img loading=\"lazy\" decoding=\"async\" width=\"400\" height=\"500\" src=\"https:\/\/izmirkvm.com.tr\/wp-content\/uploads\/2025\/11\/Burcu_Tonguc_Iren.png\" class=\"attachment-large size-large wp-image-1381\" alt=\"\" srcset=\"https:\/\/izmirkvm.com.tr\/wp-content\/uploads\/2025\/11\/Burcu_Tonguc_Iren.png 400w, https:\/\/izmirkvm.com.tr\/wp-content\/uploads\/2025\/11\/Burcu_Tonguc_Iren-240x300.png 240w\" sizes=\"(max-width: 400px) 100vw, 400px\" \/>\t\t\t\t\t\t\t\t\t\t\t\t\t\t\t<\/div>\n\t\t\t\t<div class=\"elementor-element elementor-element-0e4d1ca elementor-widget elementor-widget-text-editor\" data-id=\"0e4d1ca\" data-element_type=\"widget\" data-e-type=\"widget\" data-widget_type=\"text-editor.default\">\n\t\t\t\t\t\t\t\t\t<p><strong>Burcu \u0130REN<\/strong><br \/>Resource Efficiency Specialist<\/p>\t\t\t\t\t\t\t\t<\/div>\n\t\t\t\t<\/div>\n\t\t<div class=\"elementor-element elementor-element-304fbf2 e-con-full e-flex e-con e-child\" data-id=\"304fbf2\" data-element_type=\"container\" data-e-type=\"container\">\n\t\t\t\t<div class=\"elementor-element elementor-element-361c7a1 elementor-widget elementor-widget-image\" data-id=\"361c7a1\" data-element_type=\"widget\" data-e-type=\"widget\" data-widget_type=\"image.default\">\n\t\t\t\t\t\t\t\t\t\t\t\t\t\t\t<img loading=\"lazy\" decoding=\"async\" width=\"400\" height=\"500\" src=\"https:\/\/izmirkvm.com.tr\/wp-content\/uploads\/2025\/11\/Efe_Unal.png\" class=\"attachment-large size-large wp-image-1382\" alt=\"\" srcset=\"https:\/\/izmirkvm.com.tr\/wp-content\/uploads\/2025\/11\/Efe_Unal.png 400w, https:\/\/izmirkvm.com.tr\/wp-content\/uploads\/2025\/11\/Efe_Unal-240x300.png 240w\" sizes=\"(max-width: 400px) 100vw, 400px\" \/>\t\t\t\t\t\t\t\t\t\t\t\t\t\t\t<\/div>\n\t\t\t\t<div class=\"elementor-element elementor-element-2191de4 elementor-widget elementor-widget-text-editor\" data-id=\"2191de4\" data-element_type=\"widget\" data-e-type=\"widget\" data-widget_type=\"text-editor.default\">\n\t\t\t\t\t\t\t\t\t<p><strong>Efe \u00dcNAL<\/strong><br \/>Industrial Symbiosis Specialist<\/p>\t\t\t\t\t\t\t\t<\/div>\n\t\t\t\t<\/div>\n\t\t\t\t<\/div>\n\t\t<div class=\"elementor-element elementor-element-79262ed e-con-full e-flex e-con e-child\" data-id=\"79262ed\" data-element_type=\"container\" data-e-type=\"container\">\n\t\t<div class=\"elementor-element elementor-element-bfa6b5c e-con-full e-flex e-con e-child\" data-id=\"bfa6b5c\" data-element_type=\"container\" data-e-type=\"container\">\n\t\t\t\t<div class=\"elementor-element elementor-element-129f19a elementor-widget elementor-widget-image\" data-id=\"129f19a\" data-element_type=\"widget\" data-e-type=\"widget\" data-widget_type=\"image.default\">\n\t\t\t\t\t\t\t\t\t\t\t\t\t\t\t<img loading=\"lazy\" decoding=\"async\" width=\"400\" height=\"500\" src=\"https:\/\/izmirkvm.com.tr\/wp-content\/uploads\/2025\/11\/Nazli_Yemisci.png\" class=\"attachment-large size-large wp-image-1386\" alt=\"\" srcset=\"https:\/\/izmirkvm.com.tr\/wp-content\/uploads\/2025\/11\/Nazli_Yemisci.png 400w, https:\/\/izmirkvm.com.tr\/wp-content\/uploads\/2025\/11\/Nazli_Yemisci-240x300.png 240w\" sizes=\"(max-width: 400px) 100vw, 400px\" \/>\t\t\t\t\t\t\t\t\t\t\t\t\t\t\t<\/div>\n\t\t\t\t<div class=\"elementor-element elementor-element-e6a82e9 elementor-widget elementor-widget-text-editor\" data-id=\"e6a82e9\" data-element_type=\"widget\" data-e-type=\"widget\" data-widget_type=\"text-editor.default\">\n\t\t\t\t\t\t\t\t\t<p><strong>Nazl\u0131 YEM\u0130\u015e\u00c7\u0130<\/strong><br \/>Resource Efficiency Specialist<\/p>\t\t\t\t\t\t\t\t<\/div>\n\t\t\t\t<\/div>\n\t\t\t\t<\/div>\n\t\t\t\t<\/div>\n\t\t\t\t<\/div>\n\t\t\t\t<\/div>\n\t\t","protected":false},"excerpt":{"rendered":"<p>About \u0130zmir Resource Efficiency Center News and Announcements The Center analyzes the needs of enterprises and provides tailored consultancy, training, and guidance services to address their challenges. Within this scope, it aims to promote sustainable production practices, enhance energy and resource efficiency, and facilitate the integration of digital technologies into production processes. Click to watch [&hellip;]<\/p>\n","protected":false},"author":1,"featured_media":0,"parent":0,"menu_order":0,"comment_status":"closed","ping_status":"closed","template":"","meta":{"footnotes":""},"class_list":["post-1406","page","type-page","status-publish","hentry"],"_links":{"self":[{"href":"https:\/\/izmirkvm.com.tr\/en\/wp-json\/wp\/v2\/pages\/1406","targetHints":{"allow":["GET"]}}],"collection":[{"href":"https:\/\/izmirkvm.com.tr\/en\/wp-json\/wp\/v2\/pages"}],"about":[{"href":"https:\/\/izmirkvm.com.tr\/en\/wp-json\/wp\/v2\/types\/page"}],"author":[{"embeddable":true,"href":"https:\/\/izmirkvm.com.tr\/en\/wp-json\/wp\/v2\/users\/1"}],"replies":[{"embeddable":true,"href":"https:\/\/izmirkvm.com.tr\/en\/wp-json\/wp\/v2\/comments?post=1406"}],"version-history":[{"count":5,"href":"https:\/\/izmirkvm.com.tr\/en\/wp-json\/wp\/v2\/pages\/1406\/revisions"}],"predecessor-version":[{"id":1483,"href":"https:\/\/izmirkvm.com.tr\/en\/wp-json\/wp\/v2\/pages\/1406\/revisions\/1483"}],"wp:attachment":[{"href":"https:\/\/izmirkvm.com.tr\/en\/wp-json\/wp\/v2\/media?parent=1406"}],"curies":[{"name":"wp","href":"https:\/\/api.w.org\/{rel}","templated":true}]}}